{"id":1989,"date":"2023-02-28T11:25:07","date_gmt":"2023-02-28T08:25:07","guid":{"rendered":"https:\/\/www.itmexhibition.com\/form\/?page_id=1989"},"modified":"2023-02-28T13:45:59","modified_gmt":"2023-02-28T10:45:59","slug":"tt-form","status":"publish","type":"page","link":"https:\/\/www.itmexhibition.com\/form\/tt-form\/","title":{"rendered":"TT Abone Form"},"content":{"rendered":"<div id='av_section_1'  class='avia-section main_color avia-section-default avia-no-border-styling avia-bg-style-scroll  avia-builder-el-0  avia-builder-el-no-sibling   container_wrap sidebar_right' style='background-color: #ffffff;  '  ><div class='container' ><main  role=\"main\" itemprop=\"mainContentOfPage\"  class='template-page content  av-content-small alpha units'><div class='post-entry post-entry-type-page post-entry-1989'><div class='entry-content-wrapper clearfix'>\n<section class=\"av_textblock_section \"  itemscope=\"itemscope\" itemtype=\"https:\/\/schema.org\/CreativeWork\" ><div class='avia_textblock  '   itemprop=\"text\" ><style type=\"text\/css\">.super-form:not(.super-initialized) *:not(.super-load-icon) { visibility: hidden !important; }<\/style><div id=\"super-form-1987\" style=\"margin:0px 0px 0px 0px;\" class=\"super-form super-form-1987  super-default-squared super-field-size-medium super-adaptive\" data-hide=\"true\" data-overlay=\"true\" data-field-size=\"medium\"><span class=\"super-load-icon\"><\/span><form tabindex=\"0\" autocomplete=\"on\" enctype=\"multipart\/form-data\"><input type=\"hidden\" name=\"sf_nonce\" value=\"\" \/><input type=\"text\" name=\"super_hp\" size=\"25\" value=\"\" \/><div class=\"super-shortcode super-field super-hidden\"><input class=\"super-shortcode-field\" type=\"hidden\" value=\"1987\" name=\"hidden_form_id\" \/><\/div><div class=\"super-shortcode super-field super-heading   super-ungrouped  \"><div class=\"super-heading-title\"><h1 style=\"font-size:15px;font-weight:500;\"><b>SUBSCRIBTION<\/b> \/  <b style=\"color: #0000006e;\"> ABONEL\u0130K <\/b><\/h1><\/div><\/div><div class=\"super-grid super-shortcode\"><div class=\"super-shortcode super_one_full super-column grid-level-0 column-number-1 first-column \"><div class=\"super-shortcode super-field super-text  super-tooltip  super-ungrouped  \" title=\"Please enter Name Surname! \/ L\u00fctfen \u0130sim Soyisim giriniz!\"><div class=\"super-field-wrapper \"><input tabindex=\"-1\" class=\"super-shortcode-field\" type=\"text\" name=\"name\" data-oname=\"name\" data-message=\"Please enter Name Surname! \/ L\u00fctfen \u0130sim Soyisim giriniz!\" data-validation=\"empty\" data-email=\"Name Surname \/ \u0130sim Soyisim\" data-absolute-default=\"\" data-default-value=\"\" \/><span class=\"super-adaptive-placeholder\" data-placeholder=\"* &lt;b&gt;Name Surname &lt;\/b&gt; \/ \u0130sim Soyisim\" data-placeholderFilled=\"* &lt;b&gt;Name Surname&lt;\/b&gt; \/ \u0130sim Soyisim\"><span>* <b>Name Surname <\/b> \/ \u0130sim Soyisim<\/span><\/span><\/div><div class=\"super-error-msg\">Please enter Name Surname! \/ L\u00fctfen \u0130sim Soyisim giriniz!<\/div><div class=\"super-empty-error-msg\">Please enter Name Surname! \/ L\u00fctfen \u0130sim Soyisim giriniz!<\/div><\/div><div class=\"super-shortcode super-field super-text  super-tooltip  super-ungrouped  \" title=\"Please enter an address! \/ L\u00fctfen bir adres giriniz!\"><div class=\"super-field-wrapper \"><input tabindex=\"-1\" class=\"super-shortcode-field\" type=\"text\" name=\"adres\" data-oname=\"adres\" data-message=\"Please enter an address! \/ L\u00fctfen bir adres giriniz!\" data-validation=\"empty\" data-email=\"Address \/ Adres\" data-absolute-default=\"\" data-default-value=\"\" \/><span class=\"super-adaptive-placeholder\" data-placeholder=\"&lt;b&gt; Address &lt;\/b&gt; \/ Adres\" data-placeholderFilled=\"Address \/ Adres\"><span><b> Address <\/b> \/ Adres<\/span><\/span><\/div><div class=\"super-error-msg\">Please enter an address! \/ L\u00fctfen bir adres giriniz!<\/div><div class=\"super-empty-error-msg\">Please enter an address! \/ L\u00fctfen bir adres giriniz!<\/div><\/div><div class=\"super-grid super-shortcode\"><div class=\"super-shortcode super_one_third super-column grid-level-1 column-number-1 first-column \"><div class=\"super-shortcode super-field super-text   super-ungrouped  \"><div class=\"super-field-wrapper \"><input tabindex=\"-1\" class=\"super-shortcode-field\" type=\"text\" name=\"ulke\" data-oname=\"ulke\" data-message=\"Please enter a country! \/ L\u00fctfen bir \u00fclke giriniz! \" data-validation=\"empty\" data-email=\"Country \/ \u00dclke:\" data-absolute-default=\"\" data-default-value=\"\" \/><span class=\"super-adaptive-placeholder\" data-placeholder=\"*&lt;b&gt;Country &lt;\/b&gt; \/ \u00dclke\" data-placeholderFilled=\"*&lt;b&gt;Country &lt;\/b&gt; \/ \u00dclke\"><span>*<b>Country <\/b> \/ \u00dclke<\/span><\/span><\/div><div class=\"super-error-msg\">Please enter a country! \/ L\u00fctfen bir \u00fclke giriniz! <\/div><div class=\"super-empty-error-msg\">Please enter a country! \/ L\u00fctfen bir \u00fclke giriniz! <\/div><\/div><\/div><div class=\"super-shortcode super_one_third super-column grid-level-1 column-number-2  \"><div class=\"super-shortcode super-field super-text  super-tooltip  super-ungrouped  \" title=\"Please enter your phone number! \/ L\u00fctfen Telefon Numaran\u0131z\u0131 Giriniz!\"><div class=\"super-field-wrapper \"><input tabindex=\"-1\" class=\"super-shortcode-field\" type=\"tel\" name=\"telefon\" data-oname=\"telefon\" data-message=\"Please enter your phone number! \/ L\u00fctfen Telefon Numaran\u0131z\u0131 Giriniz!\" data-validation=\"empty\" data-email=\"Phone \/ Telefon\" data-absolute-default=\"\" data-default-value=\"\" \/><span class=\"super-adaptive-placeholder\" data-placeholder=\"*&lt;b&gt; Phone &lt;\/b&gt; \/ Telefon\" data-placeholderFilled=\"*Phone \/ Telefon\"><span>*<b> Phone <\/b> \/ Telefon<\/span><\/span><\/div><div class=\"super-error-msg\">Please enter your phone number! \/ L\u00fctfen Telefon Numaran\u0131z\u0131 Giriniz!<\/div><div class=\"super-empty-error-msg\">Please enter your phone number! \/ L\u00fctfen Telefon Numaran\u0131z\u0131 Giriniz!<\/div><\/div><\/div><div class=\"super-shortcode super_one_third super-column grid-level-1 column-number-3  \"><div class=\"super-shortcode super-field super-text   super-ungrouped  \"><div class=\"super-field-wrapper \"><input tabindex=\"-1\" class=\"super-shortcode-field\" type=\"tel\" name=\"fax\" data-oname=\"fax\" data-email=\"Fax \/ Faks\" data-absolute-default=\"\" data-default-value=\"\" \/><span class=\"super-adaptive-placeholder\" data-placeholder=\"&lt;b&gt; Fax &lt;\/b&gt; \/ Faks\" data-placeholderFilled=\"Fax \/ Faks\"><span><b> Fax <\/b> \/ Faks<\/span><\/span><\/div><div class=\"super-error-msg\">Alan gereklidir!<\/div><div class=\"super-empty-error-msg\">Alan gereklidir!<\/div><\/div><\/div><\/div><div class=\"super-grid super-shortcode\"><div class=\"super-shortcode super_one_third super-column grid-level-1 column-number-1 first-column \"><div class=\"super-shortcode super-field super-text   super-ungrouped  \"><div class=\"super-field-wrapper \"><input tabindex=\"-1\" class=\"super-shortcode-field\" type=\"tel\" name=\"field_VReKX\" data-oname=\"field_VReKX\" data-email=\"Mobile \/ Cep Tel:\" data-absolute-default=\"\" data-default-value=\"\" \/><span class=\"super-adaptive-placeholder\" data-placeholder=\"&lt;b&gt; Mobile &lt;\/b&gt; \/ Cep Tel\" data-placeholderFilled=\"Mobile \/ Cep Tel:\"><span><b> Mobile <\/b> \/ Cep Tel<\/span><\/span><\/div><div class=\"super-error-msg\">Alan gereklidir!<\/div><div class=\"super-empty-error-msg\">Alan gereklidir!<\/div><\/div><\/div><div class=\"super-shortcode super_one_third super-column grid-level-1 column-number-2  \"><div class=\"super-shortcode super-field super-text  super-tooltip  super-ungrouped  \" title=\"Please enter a valid email! \/ L\u00fctfen ge\u00e7erli bir e-posta giriniz!\"><div class=\"super-field-wrapper \"><input tabindex=\"-1\" class=\"super-shortcode-field\" type=\"email\" name=\"e-posta-sirketyetkilisi\" data-oname=\"e-posta-sirketyetkilisi\" data-message=\"Please enter a valid email! \/ L\u00fctfen ge\u00e7erli bir e-posta giriniz!\" data-validation=\"email\" data-email=\"E-Mail:\" data-absolute-default=\"\" data-default-value=\"\" \/><span class=\"super-adaptive-placeholder\" data-placeholder=\"*E-Mail\" data-placeholderFilled=\"*E-Mail\"><span>*E-Mail<\/span><\/span><\/div><div class=\"super-error-msg\">Please enter a valid email! \/ L\u00fctfen ge\u00e7erli bir e-posta giriniz!<\/div><div class=\"super-empty-error-msg\">Please enter a valid email! \/ L\u00fctfen ge\u00e7erli bir e-posta giriniz!<\/div><\/div><\/div><div class=\"super-shortcode super_one_third super-column grid-level-1 column-number-3  \"><div class=\"super-shortcode super-field super-text   super-ungrouped  \"><div class=\"super-field-wrapper \"><input tabindex=\"-1\" class=\"super-shortcode-field\" type=\"text\" name=\"website\" data-oname=\"website\" data-email=\"Web:\" data-absolute-default=\"\" data-default-value=\"\" \/><span class=\"super-adaptive-placeholder\" data-placeholder=\"Web: http:\/\/\" data-placeholderFilled=\"Web: http:\/\/\"><span>Web: http:\/\/<\/span><\/span><\/div><div class=\"super-error-msg\">Alan gereklidir!<\/div><div class=\"super-empty-error-msg\">Alan gereklidir!<\/div><\/div><\/div><\/div><div class=\"super-grid super-shortcode\"><div class=\"super-shortcode super_one_half super-column grid-level-1 column-number-1 first-column \"><div class=\"super-shortcode super-field super-text  super-tooltip  super-ungrouped  \" title=\"Please enter a company! \/ L\u00fctfen bir \u015firket firma giriniz!\"><div class=\"super-field-wrapper \"><input tabindex=\"-1\" class=\"super-shortcode-field\" type=\"text\" name=\"firma\" data-oname=\"firma\" data-message=\"Please enter a company! \/ L\u00fctfen bir \u015firket firma giriniz!\" data-validation=\"empty\" data-email=\"Company \/ Firma:\" data-absolute-default=\"\" data-default-value=\"\" \/><span class=\"super-adaptive-placeholder\" data-placeholder=\"*&lt;b&gt; Company  &lt;\/b&gt; \/ Firma\" data-placeholderFilled=\"*&lt;b&gt; Company  &lt;\/b&gt; \/ Firma\"><span>*<b> Company  <\/b> \/ Firma<\/span><\/span><\/div><div class=\"super-error-msg\">Please enter a company! \/ L\u00fctfen bir \u015firket firma giriniz!<\/div><div class=\"super-empty-error-msg\">Please enter a company! \/ L\u00fctfen bir \u015firket firma giriniz!<\/div><\/div><\/div><div class=\"super-shortcode super_one_half super-column grid-level-1 column-number-2  \"><div class=\"super-shortcode super-field super-text   super-ungrouped  \"><div class=\"super-field-wrapper \"><input tabindex=\"-1\" class=\"super-shortcode-field\" type=\"text\" name=\"gorevi\" data-oname=\"gorevi\" data-email=\"Position \/ G\u00f6revi:\" data-absolute-default=\"\" data-default-value=\"\" \/><span class=\"super-adaptive-placeholder\" data-placeholder=\"&lt;b&gt; Position &lt;\/b&gt; \/ G\u00f6revi\" data-placeholderFilled=\"Position \/ G\u00f6revi\"><span><b> Position <\/b> \/ G\u00f6revi<\/span><\/span><\/div><div class=\"super-error-msg\">Alan gereklidir!<\/div><div class=\"super-empty-error-msg\">Alan gereklidir!<\/div><\/div><\/div><\/div><div class=\"super-grid super-shortcode\"><div class=\"super-shortcode super_one_half super-column grid-level-1 column-number-1 first-column \"><div style=\"height:40px;\" class=\"super-shortcode super-field super-spacer   super-ungrouped  \"><\/div><div class=\"super-shortcode super-field super-heading   super-ungrouped  \"><div class=\"super-heading-title\"><h2 style=\"font-size:15px;font-weight:500;\"><b>SECTOR<\/b> \/ <b style=\"color: #0000006e;\"> SEKT\u00d6R<\/b><\/h2><\/div><\/div><div class=\"super-shortcode super-field super-checkbox  top-left super-ungrouped   display-vertical\"><div class=\"super-error-msg\">Please select an sector! \/ L\u00fctfen bir sekt\u00f6r se\u00e7iniz!<\/div><div class=\"super-empty-error-msg\">Please select an sector! \/ L\u00fctfen bir sekt\u00f6r se\u00e7iniz!<\/div><div class=\"super-field-wrapper \"><div class=\"super-items-list\"><label class=\"super-item\" ><span class=\"super-before\"><span class=\"super-after\"><\/span><\/span><input type=\"checkbox\" value=\"Nonwoven\" \/><div><b> Nonwoven <\/b>\/ <b style=\"color: #0000006e;\"> Nonwoven <\/b><\/div><\/label><label class=\"super-item\" ><span class=\"super-before\"><span class=\"super-after\"><\/span><\/span><input type=\"checkbox\" value=\"Industrial Textiles \/ End\u00fcstriyel Tekstil\" \/><div><b>Industrial Textiles<\/b>\/ <b style=\"color: #0000006e;\">End\u00fcstriyel Tekstil<\/b><\/div><\/label><label class=\"super-item\" ><span class=\"super-before\"><span class=\"super-after\"><\/span><\/span><input type=\"checkbox\" value=\"Technical Textiles \/ Teknik Tekstil\" \/><div><b>Technical Textiles <\/b>\/ <b style=\"color: #0000006e;\"> Teknik Tekstil<\/b><\/div><\/label><label class=\"super-item\" ><span class=\"super-before\"><span class=\"super-after\"><\/span><\/span><input type=\"checkbox\" value=\"Man - Made Fibre Forming \/  Yapay Elyaf\" \/><div><b>Man - Made Fibre Forming<\/b>\/ <b style=\"color: #0000006e;\"> Yapay Elyaf<\/b><\/div><\/label><label class=\"super-item\" ><span class=\"super-before\"><span class=\"super-after\"><\/span><\/span><input type=\"checkbox\" value=\"Spinning \/  \u0130plik\" \/><div><b>Spinning<\/b>\/ <b style=\"color: #0000006e;\"> \u0130plik<\/b><\/div><\/label><label class=\"super-item\" ><span class=\"super-before\"><span class=\"super-after\"><\/span><\/span><input type=\"checkbox\" value=\"Weaving \/  Dokuma\" \/><div><b>Weaving<\/b>\/ <b style=\"color: #0000006e;\"> Dokuma<\/b><\/div><\/label><label class=\"super-item\" ><span class=\"super-before\"><span class=\"super-after\"><\/span><\/span><input type=\"checkbox\" value=\"Knitting \/  \u00d6rme\" \/><div><b>Knitting<\/b>\/ <b style=\"color: #0000006e;\"> \u00d6rme<\/b><\/div><\/label><label class=\"super-item\" ><span class=\"super-before\"><span class=\"super-after\"><\/span><\/span><input type=\"checkbox\" value=\"Dyeing - Finishing \/  Boya-Terbiye\" \/><div><b>Dyeing - Finishing<\/b>\/ <b style=\"color: #0000006e;\"> Boya-Terbiye<\/b><\/div><\/label><label class=\"super-item\" ><span class=\"super-before\"><span class=\"super-after\"><\/span><\/span><input type=\"checkbox\" value=\" Representative \/  Temsilci\" \/><div><b>Representative<\/b>\/ <b style=\"color: #0000006e;\"> Temsilci<\/b><\/div><\/label><label class=\"super-item\" ><span class=\"super-before\"><span class=\"super-after\"><\/span><\/span><input type=\"checkbox\" value=\"Textile Chemicals \/  Tekstil Kimyasallar\u0131\" \/><div><b>Textile Chemicals<\/b>\/ <b style=\"color: #0000006e;\"> Tekstil Kimyasallar\u0131 <\/b><\/div><\/label><label class=\"super-item\" ><span class=\"super-before\"><span class=\"super-after\"><\/span><\/span><input type=\"checkbox\" value=\"Tech. School \/  Teknik Okul\" \/><div><b>Tech. School<\/b>\/ <b style=\"color: #0000006e;\"> Teknik Okul<\/b><\/div><\/label><\/div><input class=\"super-shortcode-field\" type=\"hidden\" name=\"seenek\" value=\"\" data-oname=\"seenek\" data-message=\"Please select an sector! \/ L\u00fctfen bir sekt\u00f6r se\u00e7iniz!\" data-email=\"Sector \/ Sekt\u00f6r:\" data-absolute-default=\"\" data-default-value=\"\" \/><\/div><\/div><div class=\"super-grid super-shortcode\"><div class=\"super-shortcode super_one_full super-column grid-level-2 column-number-1 first-column  diger\"><div class=\"super-shortcode super-field super-text super-has-only-desc   super-ungrouped  \"><div class=\"super-description\">\u00a0 <\/div><div class=\"super-field-wrapper \"><input tabindex=\"-1\" class=\"super-shortcode-field\" type=\"text\" name=\"field_Ecpso\" data-oname=\"field_Ecpso\" data-email=\"Other \/ Di\u011fer\" data-absolute-default=\"\" data-default-value=\"\" \/><span class=\"super-adaptive-placeholder\" data-placeholder=\"&lt;b&gt;Other &lt;\/b&gt;\/ Di\u011fer\" data-placeholderFilled=\"Other \/ Di\u011fer\"><span><b>Other <\/b>\/ Di\u011fer<\/span><\/span><\/div><div class=\"super-error-msg\">Alan gereklidir!<\/div><div class=\"super-empty-error-msg\">Alan gereklidir!<\/div><\/div><\/div><\/div><\/div><div class=\"super-shortcode super_one_half super-column grid-level-1 column-number-2  \"><div style=\"height:40px;\" class=\"super-shortcode super-field super-spacer   super-ungrouped  \"><\/div><div class=\"super-shortcode super-field super-html   super-ungrouped  \"><div class=\"super-html-content\"><em style=\"color: red;\"><br \/>\n<b>To complete your Tekstil Teknoloji Magazine subscription application;<\/b><br><br \/>\nAfter paying the subscription fee of 250 \u20ac for 12 issues (annual) or 125 \u20ac for 6 issues, to the account number <b>TR79 0006 2001 1510 0009 0926 29 <\/b>of Garanti Bank E-5 Beylikd\u00fcz\u00fc Branch, you must send your receipt to info@tekstilteknoloji.com.tr<br \/>\n<\/em><\/div><textarea><em style=\"color: red;\"><br \/>\n<b>To complete your Tekstil Teknoloji Magazine subscription application;<\/b><br><br \/>\nAfter paying the subscription fee of 250 \u20ac for 12 issues (annual) or 125 \u20ac for 6 issues, to the account number <b>TR79 0006 2001 1510 0009 0926 29 <\/b>of Garanti Bank E-5 Beylikd\u00fcz\u00fc Branch, you must send your receipt to info@tekstilteknoloji.com.tr<br \/>\n<\/em><\/textarea><div class=\"super-error-msg\">Alan gereklidir!<\/div><div class=\"super-empty-error-msg\">Alan gereklidir!<\/div><\/div><div class=\"super-shortcode super-field super-html   super-ungrouped  \"><div class=\"super-html-content\"><em style=\"color: red;\"><br \/>\n<b>Tekstil Teknoloji Dergisi abonelik ba\u015fvurunuzu tamamlamak i\u00e7in;<\/b><br><br \/>\n12 say\u0131 (y\u0131ll\u0131k): 2000 TL + KDV ya da 6 say\u0131: 1000 TL + KDV tutar\u0131ndaki abonelik bedelini Garanti Bankas\u0131 E-5 Beylikd\u00fcz\u00fc \u015eubesi <b>TR49 0006 2001 1510 0006 2995 69 <\/b>no\u2019lu hesaba yat\u0131rd\u0131ktan sonra makbuzunuzu info@tekstilteknoloji.com.tr adresine g\u00f6ndermeniz gerekmektedir.<br \/>\n<\/em><br \/>\n<br \/>\n<br \/>\n<br \/>\n<\/div><textarea><em style=\"color: red;\"><br \/>\n<b>Tekstil Teknoloji Dergisi abonelik ba\u015fvurunuzu tamamlamak i\u00e7in;<\/b><br><br \/>\n12 say\u0131 (y\u0131ll\u0131k): 2000 TL + KDV ya da 6 say\u0131: 1000 TL + KDV tutar\u0131ndaki abonelik bedelini Garanti Bankas\u0131 E-5 Beylikd\u00fcz\u00fc \u015eubesi <b>TR49 0006 2001 1510 0006 2995 69 <\/b>no\u2019lu hesaba yat\u0131rd\u0131ktan sonra makbuzunuzu info@tekstilteknoloji.com.tr adresine g\u00f6ndermeniz gerekmektedir.<br \/>\n<\/em><br \/>\n<br \/>\n<br \/>\n<br \/>\n<\/textarea><div class=\"super-error-msg\">Alan gereklidir!<\/div><div class=\"super-empty-error-msg\">Alan gereklidir!<\/div><\/div><\/div><\/div><div style=\"height:40px;\" class=\"super-shortcode super-field super-spacer   super-ungrouped  \"><\/div><\/div><\/div><div class=\"super-grid super-shortcode\"><div class=\"super-shortcode super_one_full super-column grid-level-0 column-number-1 first-column \"><\/div><\/div><div data-color=\"#c60f11\" data-light=\"#da2325\" data-dark=\"#a80000\" data-hover-color=\"#ff1111\" data-hover-light=\"#ff2525\" data-hover-dark=\"#e10000\" data-font=\"#ffffff\" data-font-hover=\"#ffffff\" data-radius=\"rounded\" data-type=\"flat\" class=\"super-extra-shortcode super-shortcode super-field super-button super-clear-none super-form-button super-radius-rounded super-type-flat super-button-medium super-button-align-right super-button-width-auto\"><div data-href=\"\" class=\"super-button-wrap no_link\"><div class=\"super-button-name\" data-action=\"submit\" data-normal=\"Send \/ G\u00f6nder\" data-loading=\"Sending \/ G\u00f6nderiliyor\">Send \/ G\u00f6nder<\/div><span class=\"super-after\"><\/span><\/div><\/div><\/form><\/div>\n<\/div><\/section>\n<\/div><\/div><\/main><!-- close content main element --><\/div><\/div><div id='after_section_1'  class='main_color av_default_container_wrap container_wrap sidebar_right' style=' '  ><div class='container' ><div class='template-page content  av-content-small alpha units'><div class='post-entry post-entry-type-page post-entry-1989'><div class='entry-content-wrapper clearfix'>\n","protected":false},"excerpt":{"rendered":"","protected":false},"author":1,"featured_media":0,"parent":0,"menu_order":0,"comment_status":"closed","ping_status":"closed","template":"template-blank.php","meta":{"footnotes":""},"_links":{"self":[{"href":"https:\/\/www.itmexhibition.com\/form\/wp-json\/wp\/v2\/pages\/1989"}],"collection":[{"href":"https:\/\/www.itmexhibition.com\/form\/wp-json\/wp\/v2\/pages"}],"about":[{"href":"https:\/\/www.itmexhibition.com\/form\/wp-json\/wp\/v2\/types\/page"}],"author":[{"embeddable":true,"href":"https:\/\/www.itmexhibition.com\/form\/wp-json\/wp\/v2\/users\/1"}],"replies":[{"embeddable":true,"href":"https:\/\/www.itmexhibition.com\/form\/wp-json\/wp\/v2\/comments?post=1989"}],"version-history":[{"count":2,"href":"https:\/\/www.itmexhibition.com\/form\/wp-json\/wp\/v2\/pages\/1989\/revisions"}],"predecessor-version":[{"id":2025,"href":"https:\/\/www.itmexhibition.com\/form\/wp-json\/wp\/v2\/pages\/1989\/revisions\/2025"}],"wp:attachment":[{"href":"https:\/\/www.itmexhibition.com\/form\/wp-json\/wp\/v2\/media?parent=1989"}],"curies":[{"name":"wp","href":"https:\/\/api.w.org\/{rel}","templated":true}]}}